{"id":91,"date":"2024-04-19T07:23:28","date_gmt":"2024-04-19T07:23:28","guid":{"rendered":"http:\/\/willbuild-demo.pbminfotech.com\/demo1\/?page_id=23242"},"modified":"2025-04-23T09:11:27","modified_gmt":"2025-04-23T09:11:27","slug":"kontaktoni","status":"publish","type":"page","link":"https:\/\/tabiconstruction.al\/en\/kontaktoni\/","title":{"rendered":"CONTACT"},"content":{"rendered":"<div data-elementor-type=\"wp-page\" data-elementor-id=\"91\" class=\"elementor elementor-91\" data-elementor-post-type=\"page\">\n\t\t\t\t\t\t<section class=\"elementor-section elementor-top-section elementor-element elementor-element-3f87dfa pbmit-col-stretched-none pbmit-bg-color-over-image elementor-section-boxed elementor-section-height-default elementor-section-height-default\" data-id=\"3f87dfa\" data-element_type=\"section\">\n\t\t\t\t\t\t<div class=\"elementor-container elementor-column-gap-no\">\n\t\t\t\t\t<div class=\"elementor-column elementor-col-50 elementor-top-column elementor-element elementor-element-14c73c5 pbmit-border-box pbmit-bg-color-over-image\" data-id=\"14c73c5\" data-element_type=\"column\">\n\t\t\t<div class=\"elementor-widget-wrap elementor-element-populated\">\n\t\t\t\t\t\t<div class=\"elementor-element elementor-element-cfae756 elementor-widget elementor-widget-pbmit_heading\" data-id=\"cfae756\" data-element_type=\"widget\" data-widget_type=\"pbmit_heading.default\">\n\t\t\t\t<div class=\"elementor-widget-container\">\n\t\t\t\t\t\t<div class=\"pbmit-heading-subheading  animation-style2\"><h3 class=\"pbmit-element-title\">\r\n\t\t\t\r\n\t\t\t\tCONTACT\r\n\t\t\t\r\n\t\t\t<\/h3>\r\n\t\t<div class=\"pbmit-heading-desc\">Contact Tabi Construction for your real estate needs!\n<\/div><\/div>\t\t\t\t<\/div>\n\t\t\t\t<\/div>\n\t\t\t\t<div class=\"elementor-element elementor-element-62edbe0 elementor-widget elementor-widget-pbmit_icon_heading\" data-id=\"62edbe0\" data-element_type=\"widget\" data-widget_type=\"pbmit_icon_heading.default\">\n\t\t\t\t<div class=\"elementor-widget-container\">\n\t\t\t\t\t<div class=\"pbmit-ihbox pbmit-ihbox-style-11\"><div class=\"pbmit-ihbox-box d-flex align-items-center\">\r\n\t<div class=\"pbmit-ihbox-contents\">\r\n\t\t\t\t\t\t<h2 class=\"pbmit-element-title\">Call us now<\/h2>\t\t\r\n\t\t<div class=\"pbmit-heading-desc\">Contact us to start a collaboration <br>+355 69 70 71 888<\/div>\t\t\t<\/div>\r\n<\/div><\/div>\t\t\t\t<\/div>\n\t\t\t\t<\/div>\n\t\t\t\t<div class=\"elementor-element elementor-element-e773bda elementor-widget elementor-widget-pbmit_icon_heading\" data-id=\"e773bda\" data-element_type=\"widget\" data-widget_type=\"pbmit_icon_heading.default\">\n\t\t\t\t<div class=\"elementor-widget-container\">\n\t\t\t\t\t<div class=\"pbmit-ihbox pbmit-ihbox-style-11\"><div class=\"pbmit-ihbox-box d-flex align-items-center\">\r\n\t<div class=\"pbmit-ihbox-contents\">\r\n\t\t\t\t\t\t<h2 class=\"pbmit-element-title\">Your message<\/h2>\t\t\r\n\t\t<div class=\"pbmit-heading-desc\">We usually respond within 24 hours\n<br>info@tabiconstruction.al\n<\/div>\t\t\t<\/div>\r\n<\/div><\/div>\t\t\t\t<\/div>\n\t\t\t\t<\/div>\n\t\t\t\t<div class=\"elementor-element elementor-element-12fc2bb elementor-widget elementor-widget-pbmit_icon_heading\" data-id=\"12fc2bb\" data-element_type=\"widget\" data-widget_type=\"pbmit_icon_heading.default\">\n\t\t\t\t<div class=\"elementor-widget-container\">\n\t\t\t\t\t<div class=\"pbmit-ihbox pbmit-ihbox-style-11\"><div class=\"pbmit-ihbox-box d-flex align-items-center\">\r\n\t<div class=\"pbmit-ihbox-contents\">\r\n\t\t\t\t\t\t<h2 class=\"pbmit-element-title\">Our location<\/h2>\t\t\r\n\t\t<div class=\"pbmit-heading-desc\">Dervish Hatixhe Street, Mozart Building, 7th floor\n<\/div>\t\t\t<\/div>\r\n<\/div><\/div>\t\t\t\t<\/div>\n\t\t\t\t<\/div>\n\t\t\t\t\t<\/div>\n\t\t<\/div>\n\t\t\t\t<div class=\"elementor-column elementor-col-50 elementor-top-column elementor-element elementor-element-25f6812 pbmit-bg-color-over-image\" data-id=\"25f6812\" data-element_type=\"column\">\n\t\t\t<div class=\"elementor-widget-wrap elementor-element-populated\">\n\t\t\t\t\t\t<div class=\"elementor-element elementor-element-b129b2b elementor-widget elementor-widget-pbmit_custom_heading\" data-id=\"b129b2b\" data-element_type=\"widget\" data-widget_type=\"pbmit_custom_heading.default\">\n\t\t\t\t<div class=\"elementor-widget-container\">\n\t\t\t\t\t\t<div class=\"pbmit-custom-heading -align animation-style2\"><h3 class=\"pbmit-element-title\">\r\n\t\t\t\r\n\t\t\t\tSend us a message\r\n\t\t\t\r\n\t\t\t<\/h3>\r\n\t\t<\/div>\t\t\t\t<\/div>\n\t\t\t\t<\/div>\n\t\t\t\t<div class=\"elementor-element elementor-element-87008bb elementor-widget elementor-widget-shortcode\" data-id=\"87008bb\" data-element_type=\"widget\" data-widget_type=\"shortcode.default\">\n\t\t\t\t<div class=\"elementor-widget-container\">\n\t\t\t\t\t\t\t<div class=\"elementor-shortcode\">\n<div class=\"wpcf7 no-js\" id=\"wpcf7-f52-o1\" lang=\"en-US\" dir=\"ltr\" data-wpcf7-id=\"52\">\n<div class=\"screen-reader-response\"><p role=\"status\" aria-live=\"polite\" aria-atomic=\"true\"><\/p> <ul><\/ul><\/div>\n<form action=\"\/en\/wp-json\/wp\/v2\/pages\/91#wpcf7-f52-o1\" method=\"post\" class=\"wpcf7-form init\" aria-label=\"Contact form\" novalidate=\"novalidate\" data-status=\"init\" data-trp-original-action=\"\/en\/wp-json\/wp\/v2\/pages\/91#wpcf7-f52-o1\">\n<div style=\"display: none;\">\n<input type=\"hidden\" name=\"_wpcf7\" value=\"52\" \/>\n<input type=\"hidden\" name=\"_wpcf7_version\" value=\"6.0.6\" \/>\n<input type=\"hidden\" name=\"_wpcf7_locale\" value=\"en_US\" \/>\n<input type=\"hidden\" name=\"_wpcf7_unit_tag\" value=\"wpcf7-f52-o1\" \/>\n<input type=\"hidden\" name=\"_wpcf7_container_post\" value=\"0\" \/>\n<input type=\"hidden\" name=\"_wpcf7_posted_data_hash\" value=\"\" \/>\n<\/div>\n<div class=\"pbmit-form willbuild-conatct-form\">\n\t<div class=\"row\">\n\t\t<div class=\"col-sm-6\">\n\t\t\t<div class=\"input-group\">\n\t\t\t\t<p><span class=\"wpcf7-form-control-wrap\" data-name=\"your-name\"><input size=\"40\" maxlength=\"400\" class=\"wpcf7-form-control wpcf7-text wpcf7-validates-as-required\" aria-required=\"true\" aria-invalid=\"false\" placeholder=\"Name\" value=\"\" type=\"text\" name=\"your-name\" \/><\/span>\n\t\t\t\t<\/p>\n\t\t\t<\/div>\n\t\t<\/div>\n\t\t<div class=\"col-sm-6\">\n\t\t\t<div class=\"input-group\">\n\t\t\t\t<p><span class=\"wpcf7-form-control-wrap\" data-name=\"your-email\"><input size=\"40\" maxlength=\"400\" class=\"wpcf7-form-control wpcf7-email wpcf7-validates-as-required wpcf7-text wpcf7-validates-as-email\" aria-required=\"true\" aria-invalid=\"false\" placeholder=\"Email\" value=\"\" type=\"email\" name=\"your-email\" \/><\/span>\n\t\t\t\t<\/p>\n\t\t\t<\/div>\n\t\t<\/div>\n\t<\/div>\n\t<div class=\"row\">\n\t\t<div class=\"col-sm-6\">\n\t\t\t<div class=\"input-group\">\n\t\t\t\t<p><span class=\"wpcf7-form-control-wrap\" data-name=\"tel-646\"><input size=\"40\" maxlength=\"400\" class=\"wpcf7-form-control wpcf7-tel wpcf7-validates-as-required wpcf7-text wpcf7-validates-as-tel\" aria-required=\"true\" aria-invalid=\"false\" placeholder=\"Tel\" value=\"\" type=\"tel\" name=\"tel-646\" \/><\/span>\n\t\t\t\t<\/p>\n\t\t\t<\/div>\n\t\t<\/div>\n\t\t<div class=\"col-sm-6\">\n\t\t\t<div class=\"input-group\">\n\t\t\t\t<p><span class=\"wpcf7-form-control-wrap\" data-name=\"your-subject\"><input size=\"40\" maxlength=\"400\" class=\"wpcf7-form-control wpcf7-text\" aria-invalid=\"false\" placeholder=\"Subject\" value=\"\" type=\"text\" name=\"your-subject\" \/><\/span>\n\t\t\t\t<\/p>\n\t\t\t<\/div>\n\t\t<\/div>\n\t<\/div>\n\t<div class=\"row\">\n\t\t<div class=\"col-sm-12\">\n\t\t\t<div class=\"input-group input-textarea\">\n\t\t\t\t<p><span class=\"wpcf7-form-control-wrap\" data-name=\"textarea-806\"><textarea cols=\"40\" rows=\"10\" maxlength=\"2000\" class=\"wpcf7-form-control wpcf7-textarea wpcf7-validates-as-required\" aria-required=\"true\" aria-invalid=\"false\" placeholder=\"How can we assist you? Feel free to contact us!\" name=\"textarea-806\"><\/textarea><\/span>\n\t\t\t\t<\/p>\n\t\t\t<\/div>\n\t\t<\/div>\n\t\t<p><label class=\"checkbox\"><span class=\"wpcf7-form-control-wrap\" data-name=\"acceptance-397\"><span class=\"wpcf7-form-control wpcf7-acceptance\"><span class=\"wpcf7-list-item\"><label><input type=\"checkbox\" name=\"acceptance-397\" value=\"1\" class=\"agreee\" aria-invalid=\"false\" \/><span class=\"wpcf7-list-item-label\">I agree with <a href=\"\/en\/privacy-policy\/\" target=\"_blank\">Privacy Policy<\/a>.<\/span><\/label><\/span><\/span><\/span><br \/>\n<\/label>\n\t\t<\/p>\n\t\t<div class=\"col-sm-12\">\n\t\t\t<div class=\"input-group input-button pbmit-btn\">\n\t\t\t\t<p><button id='submit' class='wpcf7-form-control wpcf7-submit'>Send<span class=\"pbmit-button-icon-wrapper\"><span class=\"pbmit-button-icon\"><i class=\"pbmit-base-icon-up-right-arrow-1\"><\/i><\/span><\/span><\/button>\n\t\t\t\t<\/p>\n\t\t\t<\/div>\n\t\t<\/div>\n\t<\/div>\n<\/div><div class=\"wpcf7-response-output\" aria-hidden=\"true\"><\/div>\n<input type=\"hidden\" name=\"trp-form-language\" value=\"en\"\/><\/form>\n<\/div>\n<\/div>\n\t\t\t\t\t\t<\/div>\n\t\t\t\t<\/div>\n\t\t\t\t\t<\/div>\n\t\t<\/div>\n\t\t\t\t\t<\/div>\n\t\t<\/section>\n\t\t\t\t<div class=\"elementor-section elementor-top-section elementor-element elementor-element-d429ae6 elementor-section-stretched pbmit-col-stretched-none pbmit-bg-color-over-image elementor-section-boxed elementor-section-height-default elementor-section-height-default\" data-id=\"d429ae6\" data-element_type=\"section\" data-settings=\"{&quot;stretch_section&quot;:&quot;section-stretched&quot;}\">\n\t\t\t\t\t\t<div class=\"elementor-container elementor-column-gap-no\">\n\t\t\t\t\t<div class=\"elementor-column elementor-col-100 elementor-top-column elementor-element elementor-element-ced166d pbmit-bg-color-over-image\" data-id=\"ced166d\" data-element_type=\"column\">\n\t\t\t<div class=\"elementor-widget-wrap elementor-element-populated\">\n\t\t\t\t\t\t<div class=\"elementor-element elementor-element-2c7f612 elementor-widget elementor-widget-google_maps\" data-id=\"2c7f612\" data-element_type=\"widget\" data-widget_type=\"google_maps.default\">\n\t\t\t\t<div class=\"elementor-widget-container\">\n\t\t\t\t\t\t\t<div class=\"elementor-custom-embed\">\n\t\t\t<iframe loading=\"lazy\"\n\t\t\t\t\tsrc=\"https:\/\/maps.google.com\/maps?q=Tabi%20Construction&#038;t=m&#038;z=15&#038;output=embed&#038;iwloc=near\"\n\t\t\t\t\ttitle=\"Tabi Construction\"\n\t\t\t\t\taria-label=\"Tabi Construction\"\n\t\t\t><\/iframe>\n\t\t<\/div>\n\t\t\t\t\t\t<\/div>\n\t\t\t\t<\/div>\n\t\t\t\t\t<\/div>\n\t\t<\/div>\n\t\t\t\t\t<\/div>\n\t\t<\/div>\n\t\t\t\t<\/div>","protected":false},"excerpt":{"rendered":"<p>Kontaktoni Kontaktoni Tabi Construction p\u00ebr nevojat tuaja p\u00ebr pasuri t\u00eb paluajtshme! Na telefononi tani Kontaktoni me ne p\u00ebr t\u00eb nisur nj\u00eb bashk\u00ebpunim +355 69 70 71 888 Mesazhi juaj P\u00ebrgjigjemi zakonisht brenda 24 or\u00ebve info@tabiconstruction.al Vendodhja jone Rruga Dervish Hatixhe, Pallati Mozart kati 7 Na d\u00ebrgoni nj\u00eb mesazh<\/p>","protected":false},"author":1,"featured_media":0,"parent":0,"menu_order":34,"comment_status":"closed","ping_status":"closed","template":"","meta":{"_acf_changed":false,"inline_featured_image":false,"footnotes":""},"class_list":["post-91","page","type-page","status-publish","hentry"],"acf":[],"yoast_head":"<!-- This site is optimized with the Yoast SEO Premium plugin v24.0 (Yoast SEO v24.0) - https:\/\/yoast.com\/wordpress\/plugins\/seo\/ -->\n<title>Tabi Construction | Ekspert\u00eb n\u00eb Nd\u00ebrtim dhe Projekte Rezidenciale<\/title>\n<meta name=\"description\" content=\"Kontaktoni Tabi Construction p\u00ebr \u00e7do nevoj\u00eb nd\u00ebrtimi apo pasurie t\u00eb paluajtshme. Jemi k\u00ebtu p\u00ebr t\u2019ju ndihmuar me projekte cil\u00ebsore.\" \/>\n<meta name=\"robots\" content=\"index, follow, max-snippet:-1, max-image-preview:large, max-video-preview:-1\" \/>\n<link rel=\"canonical\" href=\"https:\/\/tabiconstruction.al\/en\/kontaktoni\/\" \/>\n<meta property=\"og:locale\" content=\"en_GB\" \/>\n<meta property=\"og:type\" content=\"article\" \/>\n<meta property=\"og:title\" content=\"Kontaktoni\" \/>\n<meta property=\"og:description\" content=\"Kontaktoni Tabi Construction p\u00ebr \u00e7do nevoj\u00eb nd\u00ebrtimi apo pasurie t\u00eb paluajtshme. Jemi k\u00ebtu p\u00ebr t\u2019ju ndihmuar me projekte cil\u00ebsore.\" \/>\n<meta property=\"og:url\" content=\"https:\/\/tabiconstruction.al\/en\/kontaktoni\/\" \/>\n<meta property=\"og:site_name\" content=\"Tabi Construction\" \/>\n<meta property=\"article:publisher\" content=\"https:\/\/www.facebook.com\/people\/Tabi-Construction\/61569465234101\/\" \/>\n<meta property=\"article:modified_time\" content=\"2025-04-23T09:11:27+00:00\" \/>\n<meta property=\"og:image\" content=\"https:\/\/tabiconstruction.al\/wp-content\/uploads\/2025\/04\/Tabi-construction-1200x-675.png\" \/>\n\t<meta property=\"og:image:width\" content=\"1200\" \/>\n\t<meta property=\"og:image:height\" content=\"675\" \/>\n\t<meta property=\"og:image:type\" content=\"image\/png\" \/>\n<meta name=\"twitter:card\" content=\"summary_large_image\" \/>\n<meta name=\"twitter:label1\" content=\"Estimated reading time\" \/>\n\t<meta name=\"twitter:data1\" content=\"1 minute\" \/>\n<!-- \/ Yoast SEO Premium plugin. -->","yoast_head_json":{"title":"Tabi Construction | Ekspert\u00eb n\u00eb Nd\u00ebrtim dhe Projekte Rezidenciale","description":"Kontaktoni Tabi Construction p\u00ebr \u00e7do nevoj\u00eb nd\u00ebrtimi apo pasurie t\u00eb paluajtshme. Jemi k\u00ebtu p\u00ebr t\u2019ju ndihmuar me projekte cil\u00ebsore.","robots":{"index":"index","follow":"follow","max-snippet":"max-snippet:-1","max-image-preview":"max-image-preview:large","max-video-preview":"max-video-preview:-1"},"canonical":"https:\/\/tabiconstruction.al\/en\/kontaktoni\/","og_locale":"en_GB","og_type":"article","og_title":"Kontaktoni","og_description":"Kontaktoni Tabi Construction p\u00ebr \u00e7do nevoj\u00eb nd\u00ebrtimi apo pasurie t\u00eb paluajtshme. Jemi k\u00ebtu p\u00ebr t\u2019ju ndihmuar me projekte cil\u00ebsore.","og_url":"https:\/\/tabiconstruction.al\/en\/kontaktoni\/","og_site_name":"Tabi Construction","article_publisher":"https:\/\/www.facebook.com\/people\/Tabi-Construction\/61569465234101\/","article_modified_time":"2025-04-23T09:11:27+00:00","og_image":[{"width":1200,"height":675,"url":"https:\/\/tabiconstruction.al\/wp-content\/uploads\/2025\/04\/Tabi-construction-1200x-675.png","type":"image\/png"}],"twitter_card":"summary_large_image","twitter_misc":{"Estimated reading time":"1 minute"},"schema":{"@context":"https:\/\/schema.org","@graph":[{"@type":"WebPage","@id":"https:\/\/tabiconstruction.al\/kontaktoni\/","url":"https:\/\/tabiconstruction.al\/kontaktoni\/","name":"Tabi Construction | Ekspert\u00eb n\u00eb Nd\u00ebrtim dhe Projekte Rezidenciale","isPartOf":{"@id":"https:\/\/tabiconstruction.al\/#website"},"datePublished":"2024-04-19T07:23:28+00:00","dateModified":"2025-04-23T09:11:27+00:00","description":"Kontaktoni Tabi Construction p\u00ebr \u00e7do nevoj\u00eb nd\u00ebrtimi apo pasurie t\u00eb paluajtshme. Jemi k\u00ebtu p\u00ebr t\u2019ju ndihmuar me projekte cil\u00ebsore.","breadcrumb":{"@id":"https:\/\/tabiconstruction.al\/kontaktoni\/#breadcrumb"},"inLanguage":"en-GB","potentialAction":[{"@type":"ReadAction","target":["https:\/\/tabiconstruction.al\/kontaktoni\/"]}]},{"@type":"BreadcrumbList","@id":"https:\/\/tabiconstruction.al\/kontaktoni\/#breadcrumb","itemListElement":[{"@type":"ListItem","position":1,"name":"Home","item":"https:\/\/tabiconstruction.al\/"},{"@type":"ListItem","position":2,"name":"Kontaktoni"}]},{"@type":"WebSite","@id":"https:\/\/tabiconstruction.al\/#website","url":"https:\/\/tabiconstruction.al\/","name":"Tabi Construction","description":"P\u00ebrsosm\u00ebri nga themeli","publisher":{"@id":"https:\/\/tabiconstruction.al\/#organization"},"potentialAction":[{"@type":"SearchAction","target":{"@type":"EntryPoint","urlTemplate":"https:\/\/tabiconstruction.al\/?s={search_term_string}"},"query-input":{"@type":"PropertyValueSpecification","valueRequired":true,"valueName":"search_term_string"}}],"inLanguage":"en-GB"},{"@type":"Organization","@id":"https:\/\/tabiconstruction.al\/#organization","name":"Tabi Construction","url":"https:\/\/tabiconstruction.al\/","logo":{"@type":"ImageObject","inLanguage":"en-GB","@id":"https:\/\/tabiconstruction.al\/#\/schema\/logo\/image\/","url":"https:\/\/tabiconstruction.al\/wp-content\/uploads\/2025\/04\/512x512-logo-tabi-ok.svg","contentUrl":"https:\/\/tabiconstruction.al\/wp-content\/uploads\/2025\/04\/512x512-logo-tabi-ok.svg","width":512,"height":512,"caption":"Tabi Construction"},"image":{"@id":"https:\/\/tabiconstruction.al\/#\/schema\/logo\/image\/"},"sameAs":["https:\/\/www.facebook.com\/people\/Tabi-Construction\/61569465234101\/","https:\/\/www.instagram.com\/tabiconstruction\/"],"description":"Tabi Construction \u00ebsht\u00eb nj\u00eb kompani nd\u00ebrtimi q\u00eb ofron sh\u00ebrbime profesionale p\u00ebr projekte rezidenciale, komerciale, industriale dhe urbane n\u00eb Shqip\u00ebri. Me p\u00ebrkushtim ndaj cil\u00ebsis\u00eb dhe inovacionit, ne nd\u00ebrtojm\u00eb p\u00ebr t\u00eb ardhmen.","email":"info@tabiconstruction.al","telephone":"+355 69 70 71 888","legalName":"Tabi Construction"}]}},"_links":{"self":[{"href":"https:\/\/tabiconstruction.al\/en\/wp-json\/wp\/v2\/pages\/91","targetHints":{"allow":["GET"]}}],"collection":[{"href":"https:\/\/tabiconstruction.al\/en\/wp-json\/wp\/v2\/pages"}],"about":[{"href":"https:\/\/tabiconstruction.al\/en\/wp-json\/wp\/v2\/types\/page"}],"author":[{"embeddable":true,"href":"https:\/\/tabiconstruction.al\/en\/wp-json\/wp\/v2\/users\/1"}],"replies":[{"embeddable":true,"href":"https:\/\/tabiconstruction.al\/en\/wp-json\/wp\/v2\/comments?post=91"}],"version-history":[{"count":28,"href":"https:\/\/tabiconstruction.al\/en\/wp-json\/wp\/v2\/pages\/91\/revisions"}],"predecessor-version":[{"id":600,"href":"https:\/\/tabiconstruction.al\/en\/wp-json\/wp\/v2\/pages\/91\/revisions\/600"}],"wp:attachment":[{"href":"https:\/\/tabiconstruction.al\/en\/wp-json\/wp\/v2\/media?parent=91"}],"curies":[{"name":"wp","href":"https:\/\/api.w.org\/{rel}","templated":true}]}}