{"id":72,"date":"2024-04-20T04:40:34","date_gmt":"2024-04-20T04:40:34","guid":{"rendered":"http:\/\/willbuild-demo.pbminfotech.com\/demo1\/?page_id=23756"},"modified":"2025-04-23T09:08:33","modified_gmt":"2025-04-23T09:08:33","slug":"portofoli","status":"publish","type":"page","link":"https:\/\/tabiconstruction.al\/en\/portofoli\/","title":{"rendered":"PORTFOLIO"},"content":{"rendered":"<div data-elementor-type=\"wp-page\" data-elementor-id=\"72\" class=\"elementor elementor-72\" data-elementor-post-type=\"page\">\n\t\t\t\t\t\t<div class=\"elementor-section elementor-top-section elementor-element elementor-element-6a49260 elementor-section-full_width elementor-section-stretched pbmit-col-stretched-none pbmit-bg-color-over-image elementor-section-height-default elementor-section-height-default\" data-id=\"6a49260\" data-element_type=\"section\" data-settings=\"{&quot;stretch_section&quot;:&quot;section-stretched&quot;}\">\n\t\t\t\t\t\t<div class=\"elementor-container elementor-column-gap-no\">\n\t\t\t\t\t<div class=\"elementor-column elementor-col-100 elementor-top-column elementor-element elementor-element-a2cb9c2 pbmit-bg-color-over-image\" data-id=\"a2cb9c2\" data-element_type=\"column\">\n\t\t\t<div class=\"elementor-widget-wrap elementor-element-populated\">\n\t\t\t\t\t\t<div class=\"elementor-element elementor-element-27d0add pbmit-ele-header-align-center elementor-widget elementor-widget-pbmit_portfolio_element\" data-id=\"27d0add\" data-element_type=\"widget\" data-widget_type=\"pbmit_portfolio_element.default\">\n\t\t\t\t<div class=\"elementor-widget-container\">\n\t\t\t\t\t\r\n\t\t\r\n\t\t<div class=\"pbminfotech-element\t\t\tpbminfotech-element-portfolio\t\t\tpbmit-element-portfolio-style-1\t\t\tpbmit-element-viewtype-row-column\t\t\tpbmit-element-column-four\t\t\tpbmit-element-sticky-carousel-false\t\t\tpbmit-element-caroursel-dot-false\t\t\tpbmit-infinite-scroll-no\t\t\tpbmit-infinite-scroll-button-no\t\t\tpbminfotech-gap-default\t\t\t\t\t\tpbmit-sortable-yes\"\r\n\r\n\t\t\tdata-cpt=\"portfolio\"\r\n\t\t\tdata-totalpagination=\"1\"\r\n\t\t\tdata-style=\"1\"\r\n\t\t\tdata-show=\"8\"\r\n\t\t\tdata-columns=\"4\"\r\n\t\t\tdata-loop=\"false\"\r\n\t\t\tdata-autoplay=\"false\"\r\n\t\t\tdata-center=\"false\"\r\n\t\t\tdata-nav=\"false\"\r\n\t\t\tdata-dots=\"false\"\r\n\t\t\tdata-reverse=\"false\"\r\n\t\t\tdata-speed=\"1000\"\r\n\t\t\tdata-delay=\"4000\"\r\n\t\t\tdata-margin=\"default\"\r\n\t\t\tdata-show-portion=\"false\">\r\n\r\n\t\t\t<div class=\"pbmit-element-inner\">\r\n\t\t\r\n\r\n\t\t\t\t\r\n\t\t\t\t<div class=\"pbmit-ele-header-area\">\r\n\t\t\t\t\t\t<div class=\"pbmit-heading-subheading  animation-style4\"><\/div>\t\t\t\t\t<div class=\"pbmit-sortable-list\"><ul class=\"pbmit-sortable-list-ul\">\r\n\t\t\t\t<li><a href=\"#\" class=\"pbmit-sortable-link pbmit-selected\" data-category=\"*\" data-sortby=\"*\">All<\/a><\/li><li><a href=\"#\" class=\"pbmit-sortable-link\" data-category=\"industriale\" data-sortby=\"pbmit-term-30\">Industrial<\/a><\/li><li><a href=\"#\" class=\"pbmit-sortable-link\" data-category=\"komercial\" data-sortby=\"pbmit-term-12\">Commercial<\/a><\/li><li><a href=\"#\" class=\"pbmit-sortable-link\" data-category=\"projekt-urban\" data-sortby=\"pbmit-term-31\">Urban Project<\/a><\/li><li><a href=\"#\" class=\"pbmit-sortable-link\" data-category=\"rezidenciale\" data-sortby=\"pbmit-term-14\">Residential<\/a><\/li>\r\n\t\t\t<\/ul><\/div>\t\t\t\t<\/div>\r\n\t\t\t\r\n\t\t<div class=\"pbmit-infinite-scroll-data\">{\"cpt\":\"portfolio\",\"style\":\"1\",\"columns\":\"4\",\"show\":8,\"order\":\"DESC\",\"orderby\":\"none\"}<\/div>\r\n\t\t\t<div class=\"pbmit-element-posts-wrapper row multi-columns-row\" >\r\n\t\t\t\t\r\n\t\t\t\t<article class=\"pbmit-ele pbmit-ele-portfolio pbmit-portfolio-style-1 col-md-6 col-lg-3 rezidenciale pbmit-term-14 pbmit-odd pbmit-col-odd\"><div class=\"pbminfotech-post-content\">\r\n\t<div class=\"pbmit-featured-img-wrapper\"><div class=\"pbmit-featured-wrapper\"><a href=\"https:\/\/tabiconstruction.al\/en\/portfolio\/arden-hill-residence\/\"><img fetchpriority=\"high\" decoding=\"async\" width=\"960\" height=\"760\" src=\"https:\/\/tabiconstruction.al\/wp-content\/uploads\/2025\/11\/ARDEN-HILL-01-960x760.jpeg\" class=\"attachment-pbmit-img-960x760 size-pbmit-img-960x760 wp-post-image\" alt=\"\" srcset=\"https:\/\/tabiconstruction.al\/wp-content\/uploads\/2025\/11\/ARDEN-HILL-01-960x760.jpeg 960w, https:\/\/tabiconstruction.al\/wp-content\/uploads\/2025\/11\/ARDEN-HILL-01-870x690.jpeg 870w\" sizes=\"(max-width: 960px) 100vw, 960px\" \/><\/a><\/div><\/div>\t<div class=\"pbminfotech-box-content\">\r\n\t\t<div class=\"pbminfotech-titlebox\">\r\n\t\t\t<div class=\"pbmit-port-cat\"><a href=\"https:\/\/tabiconstruction.al\/en\/Kategorite-e-Portofolit\/rezidenciale\/\" rel=\"tag\">Residential<\/a><\/div>\r\n\t\t\t<h3 class=\"pbmit-portfolio-title\"><a href=\"https:\/\/tabiconstruction.al\/en\/portfolio\/arden-hill-residence\/\">ARDEN HILL Residence<\/a><\/h3>\r\n\t\t<\/div>\r\n\t<\/div>\r\n\t<div class=\"pbmit-portfolio-btn\">\r\n\t\t<a href=\"https:\/\/tabiconstruction.al\/en\/portfolio\/arden-hill-residence\/\"><i class=\"pbmit-base-icon-arrow-right\"><\/i><\/a>\r\n\t<\/div>\r\n\t<a class=\"pbmit-link\" href=\"https:\/\/tabiconstruction.al\/en\/portfolio\/arden-hill-residence\/\"><\/a>\r\n<\/div><\/article><article class=\"pbmit-ele pbmit-ele-portfolio pbmit-portfolio-style-1 col-md-6 col-lg-3 rezidenciale pbmit-term-14 pbmit-even pbmit-col-odd\"><div class=\"pbminfotech-post-content\">\r\n\t<div class=\"pbmit-featured-img-wrapper\"><div class=\"pbmit-featured-wrapper\"><a href=\"https:\/\/tabiconstruction.al\/en\/portfolio\/paion\/\"><img decoding=\"async\" width=\"960\" height=\"760\" src=\"https:\/\/tabiconstruction.al\/wp-content\/uploads\/2024\/04\/pamje-3-960x760.jpg\" class=\"attachment-pbmit-img-960x760 size-pbmit-img-960x760 wp-post-image\" alt=\"\" srcset=\"https:\/\/tabiconstruction.al\/wp-content\/uploads\/2024\/04\/pamje-3-960x760.jpg 960w, https:\/\/tabiconstruction.al\/wp-content\/uploads\/2024\/04\/pamje-3-870x690.jpg 870w\" sizes=\"(max-width: 960px) 100vw, 960px\" \/><\/a><\/div><\/div>\t<div class=\"pbminfotech-box-content\">\r\n\t\t<div class=\"pbminfotech-titlebox\">\r\n\t\t\t<div class=\"pbmit-port-cat\"><a href=\"https:\/\/tabiconstruction.al\/en\/Kategorite-e-Portofolit\/rezidenciale\/\" rel=\"tag\">Residential<\/a><\/div>\r\n\t\t\t<h3 class=\"pbmit-portfolio-title\"><a href=\"https:\/\/tabiconstruction.al\/en\/portfolio\/paion\/\">Paion<\/a><\/h3>\r\n\t\t<\/div>\r\n\t<\/div>\r\n\t<div class=\"pbmit-portfolio-btn\">\r\n\t\t<a href=\"https:\/\/tabiconstruction.al\/en\/portfolio\/paion\/\"><i class=\"pbmit-base-icon-arrow-right\"><\/i><\/a>\r\n\t<\/div>\r\n\t<a class=\"pbmit-link\" href=\"https:\/\/tabiconstruction.al\/en\/portfolio\/paion\/\"><\/a>\r\n<\/div><\/article><article class=\"pbmit-ele pbmit-ele-portfolio pbmit-portfolio-style-1 col-md-6 col-lg-3 industriale pbmit-term-30 pbmit-odd pbmit-col-odd\"><div class=\"pbminfotech-post-content\">\r\n\t<div class=\"pbmit-featured-img-wrapper\"><div class=\"pbmit-featured-wrapper\"><a href=\"https:\/\/tabiconstruction.al\/en\/portfolio\/industriale\/\"><img decoding=\"async\" width=\"960\" height=\"747\" src=\"https:\/\/tabiconstruction.al\/wp-content\/uploads\/2024\/03\/image29-960x747.jpeg\" class=\"attachment-pbmit-img-960x760 size-pbmit-img-960x760 wp-post-image\" alt=\"\" \/><\/a><\/div><\/div>\t<div class=\"pbminfotech-box-content\">\r\n\t\t<div class=\"pbminfotech-titlebox\">\r\n\t\t\t<div class=\"pbmit-port-cat\"><a href=\"https:\/\/tabiconstruction.al\/en\/Kategorite-e-Portofolit\/industriale\/\" rel=\"tag\">Industrial<\/a><\/div>\r\n\t\t\t<h3 class=\"pbmit-portfolio-title\"><a href=\"https:\/\/tabiconstruction.al\/en\/portfolio\/industriale\/\">Industrial<\/a><\/h3>\r\n\t\t<\/div>\r\n\t<\/div>\r\n\t<div class=\"pbmit-portfolio-btn\">\r\n\t\t<a href=\"https:\/\/tabiconstruction.al\/en\/portfolio\/industriale\/\"><i class=\"pbmit-base-icon-arrow-right\"><\/i><\/a>\r\n\t<\/div>\r\n\t<a class=\"pbmit-link\" href=\"https:\/\/tabiconstruction.al\/en\/portfolio\/industriale\/\"><\/a>\r\n<\/div><\/article><article class=\"pbmit-ele pbmit-ele-portfolio pbmit-portfolio-style-1 col-md-6 col-lg-3 komercial pbmit-term-12 pbmit-even pbmit-col-odd\"><div class=\"pbminfotech-post-content\">\r\n\t<div class=\"pbmit-featured-img-wrapper\"><div class=\"pbmit-featured-wrapper\"><a href=\"https:\/\/tabiconstruction.al\/en\/portfolio\/njesia-ushtarake\/\"><img loading=\"lazy\" decoding=\"async\" width=\"960\" height=\"747\" src=\"https:\/\/tabiconstruction.al\/wp-content\/uploads\/2024\/03\/image1-960x747.jpeg\" class=\"attachment-pbmit-img-960x760 size-pbmit-img-960x760 wp-post-image\" alt=\"\" \/><\/a><\/div><\/div>\t<div class=\"pbminfotech-box-content\">\r\n\t\t<div class=\"pbminfotech-titlebox\">\r\n\t\t\t<div class=\"pbmit-port-cat\"><a href=\"https:\/\/tabiconstruction.al\/en\/Kategorite-e-Portofolit\/komercial\/\" rel=\"tag\">Commercial<\/a><\/div>\r\n\t\t\t<h3 class=\"pbmit-portfolio-title\"><a href=\"https:\/\/tabiconstruction.al\/en\/portfolio\/njesia-ushtarake\/\">Military Unit<\/a><\/h3>\r\n\t\t<\/div>\r\n\t<\/div>\r\n\t<div class=\"pbmit-portfolio-btn\">\r\n\t\t<a href=\"https:\/\/tabiconstruction.al\/en\/portfolio\/njesia-ushtarake\/\"><i class=\"pbmit-base-icon-arrow-right\"><\/i><\/a>\r\n\t<\/div>\r\n\t<a class=\"pbmit-link\" href=\"https:\/\/tabiconstruction.al\/en\/portfolio\/njesia-ushtarake\/\"><\/a>\r\n<\/div><\/article><article class=\"pbmit-ele pbmit-ele-portfolio pbmit-portfolio-style-1 col-md-6 col-lg-3 projekt-urban pbmit-term-31 pbmit-odd pbmit-col-even\"><div class=\"pbminfotech-post-content\">\r\n\t<div class=\"pbmit-featured-img-wrapper\"><div class=\"pbmit-featured-wrapper\"><a href=\"https:\/\/tabiconstruction.al\/en\/portfolio\/rruga-paskuqan\/\"><img loading=\"lazy\" decoding=\"async\" width=\"960\" height=\"760\" src=\"https:\/\/tabiconstruction.al\/wp-content\/uploads\/2024\/03\/76a440c0-9e2b-45fa-851a-fa171d868faa-960x760.webp\" class=\"attachment-pbmit-img-960x760 size-pbmit-img-960x760 wp-post-image\" alt=\"\" srcset=\"https:\/\/tabiconstruction.al\/wp-content\/uploads\/2024\/03\/76a440c0-9e2b-45fa-851a-fa171d868faa-960x760.webp 960w, https:\/\/tabiconstruction.al\/wp-content\/uploads\/2024\/03\/76a440c0-9e2b-45fa-851a-fa171d868faa-870x690.webp 870w\" sizes=\"(max-width: 960px) 100vw, 960px\" \/><\/a><\/div><\/div>\t<div class=\"pbminfotech-box-content\">\r\n\t\t<div class=\"pbminfotech-titlebox\">\r\n\t\t\t<div class=\"pbmit-port-cat\"><a href=\"https:\/\/tabiconstruction.al\/en\/Kategorite-e-Portofolit\/projekt-urban\/\" rel=\"tag\">Urban Project<\/a><\/div>\r\n\t\t\t<h3 class=\"pbmit-portfolio-title\"><a href=\"https:\/\/tabiconstruction.al\/en\/portfolio\/rruga-paskuqan\/\">Paskuqan Road<\/a><\/h3>\r\n\t\t<\/div>\r\n\t<\/div>\r\n\t<div class=\"pbmit-portfolio-btn\">\r\n\t\t<a href=\"https:\/\/tabiconstruction.al\/en\/portfolio\/rruga-paskuqan\/\"><i class=\"pbmit-base-icon-arrow-right\"><\/i><\/a>\r\n\t<\/div>\r\n\t<a class=\"pbmit-link\" href=\"https:\/\/tabiconstruction.al\/en\/portfolio\/rruga-paskuqan\/\"><\/a>\r\n<\/div><\/article>\t\t\t<\/div>\r\n\r\n\t\t\t\r\n\t\t\r\n\t\t\r\n\t\t\t\t\t<\/div><!-- .pbmit-element-inner -->\r\n\t\t<\/div><!-- .pbminfotech-element -->\r\n\r\n\t\t\r\n\t\t\t\t\t\t<\/div>\n\t\t\t\t<\/div>\n\t\t\t\t\t<\/div>\n\t\t<\/div>\n\t\t\t\t\t<\/div>\n\t\t<\/div>\n\t\t\t\t<\/div>","protected":false},"excerpt":{"rendered":"<p>All Commercial Factory Residential Roof Replacement {&#8220;cpt&#8221;:&#8221;portfolio&#8221;,&#8221;style&#8221;:&#8221;1&#8243;,&#8221;columns&#8221;:&#8221;4&#8243;,&#8221;show&#8221;:8,&#8221;order&#8221;:&#8221;DESC&#8221;,&#8221;orderby&#8221;:&#8221;none&#8221;} Factory Commercial buildings Residential Construction process Roof Replacement Contemporary Design Commercial Architectural visualization Factory Outdoor Building Concepts Factory River\u2019s Edge Construction Roof Replacement Mountain Skys Homes Commercial Urbanite Developments<\/p>","protected":false},"author":1,"featured_media":20,"parent":0,"menu_order":20,"comment_status":"closed","ping_status":"closed","template":"","meta":{"_acf_changed":false,"inline_featured_image":false,"footnotes":""},"class_list":["post-72","page","type-page","status-publish","has-post-thumbnail","hentry"],"acf":[],"yoast_head":"<!-- This site is optimized with the Yoast SEO Premium plugin v24.0 (Yoast SEO v24.0) - https:\/\/yoast.com\/wordpress\/plugins\/seo\/ -->\n<title>Portofol Projekte Nd\u00ebrtimi | Tabi Construction Shqip\u00ebri<\/title>\n<meta name=\"description\" content=\"Zbuloni projekte nd\u00ebrtimi n\u00eb Shqip\u00ebri t\u00eb realizuara nga Tabi Construction \u2013 cil\u00ebsi e lart\u00eb, standarde europiane dhe dizajn modern p\u00ebr \u00e7do nevoj\u00eb nd\u00ebrtimi.\" \/>\n<meta name=\"robots\" content=\"index, follow, max-snippet:-1, max-image-preview:large, max-video-preview:-1\" \/>\n<link rel=\"canonical\" href=\"https:\/\/tabiconstruction.al\/en\/portofoli\/\" \/>\n<meta property=\"og:locale\" content=\"en_GB\" \/>\n<meta property=\"og:type\" content=\"article\" \/>\n<meta property=\"og:title\" content=\"Portofoli\" \/>\n<meta property=\"og:description\" content=\"Zbuloni projekte nd\u00ebrtimi n\u00eb Shqip\u00ebri t\u00eb realizuara nga Tabi Construction \u2013 cil\u00ebsi e lart\u00eb, standarde europiane dhe dizajn modern p\u00ebr \u00e7do nevoj\u00eb nd\u00ebrtimi.\" \/>\n<meta property=\"og:url\" content=\"https:\/\/tabiconstruction.al\/en\/portofoli\/\" \/>\n<meta property=\"og:site_name\" content=\"Tabi Construction\" \/>\n<meta property=\"article:publisher\" content=\"https:\/\/www.facebook.com\/people\/Tabi-Construction\/61569465234101\/\" \/>\n<meta property=\"article:modified_time\" content=\"2025-04-23T09:08:33+00:00\" \/>\n<meta property=\"og:image\" content=\"https:\/\/tabiconstruction.al\/wp-content\/uploads\/2024\/04\/demo2-sevice-bg.png\" \/>\n\t<meta property=\"og:image:width\" content=\"1920\" \/>\n\t<meta property=\"og:image:height\" content=\"842\" \/>\n\t<meta property=\"og:image:type\" content=\"image\/png\" \/>\n<meta name=\"twitter:card\" content=\"summary_large_image\" \/>\n<meta name=\"twitter:label1\" content=\"Estimated reading time\" \/>\n\t<meta name=\"twitter:data1\" content=\"2 minutes\" \/>\n<!-- \/ Yoast SEO Premium plugin. -->","yoast_head_json":{"title":"Portofol Projekte Nd\u00ebrtimi | Tabi Construction Shqip\u00ebri","description":"Zbuloni projekte nd\u00ebrtimi n\u00eb Shqip\u00ebri t\u00eb realizuara nga Tabi Construction \u2013 cil\u00ebsi e lart\u00eb, standarde europiane dhe dizajn modern p\u00ebr \u00e7do nevoj\u00eb nd\u00ebrtimi.","robots":{"index":"index","follow":"follow","max-snippet":"max-snippet:-1","max-image-preview":"max-image-preview:large","max-video-preview":"max-video-preview:-1"},"canonical":"https:\/\/tabiconstruction.al\/en\/portofoli\/","og_locale":"en_GB","og_type":"article","og_title":"Portofoli","og_description":"Zbuloni projekte nd\u00ebrtimi n\u00eb Shqip\u00ebri t\u00eb realizuara nga Tabi Construction \u2013 cil\u00ebsi e lart\u00eb, standarde europiane dhe dizajn modern p\u00ebr \u00e7do nevoj\u00eb nd\u00ebrtimi.","og_url":"https:\/\/tabiconstruction.al\/en\/portofoli\/","og_site_name":"Tabi Construction","article_publisher":"https:\/\/www.facebook.com\/people\/Tabi-Construction\/61569465234101\/","article_modified_time":"2025-04-23T09:08:33+00:00","og_image":[{"width":1920,"height":842,"url":"https:\/\/tabiconstruction.al\/wp-content\/uploads\/2024\/04\/demo2-sevice-bg.png","type":"image\/png"}],"twitter_card":"summary_large_image","twitter_misc":{"Estimated reading time":"2 minutes"},"schema":{"@context":"https:\/\/schema.org","@graph":[{"@type":"WebPage","@id":"https:\/\/tabiconstruction.al\/portofoli\/","url":"https:\/\/tabiconstruction.al\/portofoli\/","name":"Portofol Projekte Nd\u00ebrtimi | Tabi Construction Shqip\u00ebri","isPartOf":{"@id":"https:\/\/tabiconstruction.al\/#website"},"primaryImageOfPage":{"@id":"https:\/\/tabiconstruction.al\/portofoli\/#primaryimage"},"image":{"@id":"https:\/\/tabiconstruction.al\/portofoli\/#primaryimage"},"thumbnailUrl":"https:\/\/tabiconstruction.al\/wp-content\/uploads\/2024\/04\/demo2-sevice-bg.png","datePublished":"2024-04-20T04:40:34+00:00","dateModified":"2025-04-23T09:08:33+00:00","description":"Zbuloni projekte nd\u00ebrtimi n\u00eb Shqip\u00ebri t\u00eb realizuara nga Tabi Construction \u2013 cil\u00ebsi e lart\u00eb, standarde europiane dhe dizajn modern p\u00ebr \u00e7do nevoj\u00eb nd\u00ebrtimi.","breadcrumb":{"@id":"https:\/\/tabiconstruction.al\/portofoli\/#breadcrumb"},"inLanguage":"en-GB","potentialAction":[{"@type":"ReadAction","target":["https:\/\/tabiconstruction.al\/portofoli\/"]}]},{"@type":"ImageObject","inLanguage":"en-GB","@id":"https:\/\/tabiconstruction.al\/portofoli\/#primaryimage","url":"https:\/\/tabiconstruction.al\/wp-content\/uploads\/2024\/04\/demo2-sevice-bg.png","contentUrl":"https:\/\/tabiconstruction.al\/wp-content\/uploads\/2024\/04\/demo2-sevice-bg.png","width":1920,"height":842,"caption":"demo2-sevice-bg"},{"@type":"BreadcrumbList","@id":"https:\/\/tabiconstruction.al\/portofoli\/#breadcrumb","itemListElement":[{"@type":"ListItem","position":1,"name":"Home","item":"https:\/\/tabiconstruction.al\/"},{"@type":"ListItem","position":2,"name":"Portofoli"}]},{"@type":"WebSite","@id":"https:\/\/tabiconstruction.al\/#website","url":"https:\/\/tabiconstruction.al\/","name":"Tabi Construction","description":"P\u00ebrsosm\u00ebri nga themeli","publisher":{"@id":"https:\/\/tabiconstruction.al\/#organization"},"potentialAction":[{"@type":"SearchAction","target":{"@type":"EntryPoint","urlTemplate":"https:\/\/tabiconstruction.al\/?s={search_term_string}"},"query-input":{"@type":"PropertyValueSpecification","valueRequired":true,"valueName":"search_term_string"}}],"inLanguage":"en-GB"},{"@type":"Organization","@id":"https:\/\/tabiconstruction.al\/#organization","name":"Tabi Construction","url":"https:\/\/tabiconstruction.al\/","logo":{"@type":"ImageObject","inLanguage":"en-GB","@id":"https:\/\/tabiconstruction.al\/#\/schema\/logo\/image\/","url":"https:\/\/tabiconstruction.al\/wp-content\/uploads\/2025\/04\/512x512-logo-tabi-ok.svg","contentUrl":"https:\/\/tabiconstruction.al\/wp-content\/uploads\/2025\/04\/512x512-logo-tabi-ok.svg","width":512,"height":512,"caption":"Tabi Construction"},"image":{"@id":"https:\/\/tabiconstruction.al\/#\/schema\/logo\/image\/"},"sameAs":["https:\/\/www.facebook.com\/people\/Tabi-Construction\/61569465234101\/","https:\/\/www.instagram.com\/tabiconstruction\/"],"description":"Tabi Construction \u00ebsht\u00eb nj\u00eb kompani nd\u00ebrtimi q\u00eb ofron sh\u00ebrbime profesionale p\u00ebr projekte rezidenciale, komerciale, industriale dhe urbane n\u00eb Shqip\u00ebri. Me p\u00ebrkushtim ndaj cil\u00ebsis\u00eb dhe inovacionit, ne nd\u00ebrtojm\u00eb p\u00ebr t\u00eb ardhmen.","email":"info@tabiconstruction.al","telephone":"+355 69 70 71 888","legalName":"Tabi Construction"}]}},"_links":{"self":[{"href":"https:\/\/tabiconstruction.al\/en\/wp-json\/wp\/v2\/pages\/72","targetHints":{"allow":["GET"]}}],"collection":[{"href":"https:\/\/tabiconstruction.al\/en\/wp-json\/wp\/v2\/pages"}],"about":[{"href":"https:\/\/tabiconstruction.al\/en\/wp-json\/wp\/v2\/types\/page"}],"author":[{"embeddable":true,"href":"https:\/\/tabiconstruction.al\/en\/wp-json\/wp\/v2\/users\/1"}],"replies":[{"embeddable":true,"href":"https:\/\/tabiconstruction.al\/en\/wp-json\/wp\/v2\/comments?post=72"}],"version-history":[{"count":1,"href":"https:\/\/tabiconstruction.al\/en\/wp-json\/wp\/v2\/pages\/72\/revisions"}],"predecessor-version":[{"id":301,"href":"https:\/\/tabiconstruction.al\/en\/wp-json\/wp\/v2\/pages\/72\/revisions\/301"}],"wp:featuredmedia":[{"embeddable":true,"href":"https:\/\/tabiconstruction.al\/en\/wp-json\/wp\/v2\/media\/20"}],"wp:attachment":[{"href":"https:\/\/tabiconstruction.al\/en\/wp-json\/wp\/v2\/media?parent=72"}],"curies":[{"name":"wp","href":"https:\/\/api.w.org\/{rel}","templated":true}]}}