{"id":3,"date":"2025-04-16T08:53:25","date_gmt":"2025-04-16T08:53:25","guid":{"rendered":"https:\/\/tabiconstruction.al\/?page_id=3"},"modified":"2026-03-18T15:37:48","modified_gmt":"2026-03-18T15:37:48","slug":"privacy-policy","status":"publish","type":"page","link":"https:\/\/tabiconstruction.al\/en\/privacy-policy\/","title":{"rendered":"Privacy Policy"},"content":{"rendered":"<div data-elementor-type=\"wp-page\" data-elementor-id=\"3\" class=\"elementor elementor-3\" data-elementor-post-type=\"page\">\n\t\t\t\t\t\t<section class=\"elementor-section elementor-top-section elementor-element elementor-element-778881c6 pbmit-col-stretched-none pbmit-bg-color-over-image elementor-section-boxed elementor-section-height-default elementor-section-height-default\" data-id=\"778881c6\" data-element_type=\"section\">\n\t\t\t\t\t\t<div class=\"elementor-container elementor-column-gap-default\">\n\t\t\t\t\t<div class=\"elementor-column elementor-col-100 elementor-top-column elementor-element elementor-element-26abab30 pbmit-bg-color-over-image\" data-id=\"26abab30\" data-element_type=\"column\">\n\t\t\t<div class=\"elementor-widget-wrap elementor-element-populated\">\n\t\t\t\t\t\t<div class=\"elementor-element elementor-element-21ed95d1 elementor-widget elementor-widget-text-editor\" data-id=\"21ed95d1\" data-element_type=\"widget\" data-widget_type=\"text-editor.default\">\n\t\t\t\t<div class=\"elementor-widget-container\">\n\t\t\t\t\t\t\t\t\t\n<h2 class=\"wp-block-heading\" data-section-id=\"lzm7a\" data-start=\"251\" data-end=\"303\">Privacy Policy<\/h2>\n<p data-start=\"145\" data-end=\"248\"><strong data-start=\"210\" data-end=\"235\">P\u00ebrdit\u00ebsimi i fundit:<\/strong> 18\/10\/2025<\/p>\n<p data-start=\"333\" data-end=\"492\" class=\"translation-block\">At <strong data-start=\"233\" data-end=\"254\">Tabi Construction<\/strong>, we respect your privacy and are committed to protecting any personal information you may provide us while using our website.<\/p>\n<hr data-start=\"494\" data-end=\"497\" \/>\n<h3 data-section-id=\"9dee35\" data-start=\"499\" data-end=\"524\">The data we collect<\/h3>\n<p data-start=\"526\" data-end=\"604\">Ne mund t\u00eb mbledhim t\u00eb dh\u00ebna automatike p\u00ebrmes p\u00ebrdorimit t\u00eb faqes, p\u00ebrfshir\u00eb:<\/p>\n<ul data-start=\"606\" data-end=\"774\">\n<li data-section-id=\"ruu75e\" data-start=\"606\" data-end=\"633\">\n<p data-start=\"608\" data-end=\"633\">IP address<\/p>\n<\/li>\n<li data-section-id=\"1obd88f\" data-start=\"634\" data-end=\"690\">\n<p data-start=\"636\" data-end=\"690\">Device and browser type<\/p>\n<\/li>\n<li data-section-id=\"1ybbqp5\" data-start=\"691\" data-end=\"774\">\n<p data-start=\"693\" data-end=\"774\">Visitor statistics for analytical purposes and to improve the website experience<\/p>\n<\/li>\n<\/ul>\n<hr data-start=\"776\" data-end=\"779\" \/>\n<h3 data-section-id=\"r51o7\" data-start=\"781\" data-end=\"830\">Contact forms and job applications.<\/h3>\n<p data-start=\"832\" data-end=\"870\">Kur plot\u00ebsoni formular\u00eb n\u00eb faqen ton\u00eb:<\/p>\n<ul data-start=\"872\" data-end=\"1034\">\n<li data-section-id=\"hlkx51\" data-start=\"872\" data-end=\"937\">\n<p data-start=\"874\" data-end=\"937\">T\u00eb dh\u00ebnat p\u00ebrdoren vet\u00ebm p\u00ebr q\u00ebllime komunikimi ose rekrutimi<\/p>\n<\/li>\n<li data-section-id=\"1vdtvzf\" data-start=\"938\" data-end=\"991\">\n<p data-start=\"940\" data-end=\"991\">Nuk shp\u00ebrndahen me pal\u00eb t\u00eb treta pa p\u00eblqimin tuaj<\/p>\n<\/li>\n<li data-section-id=\"1eso66f\" data-start=\"992\" data-end=\"1034\">\n<p data-start=\"994\" data-end=\"1034\">Trajtohen me konfidencialitet t\u00eb plot\u00eb<\/p>\n<\/li>\n<\/ul>\n<hr data-start=\"1036\" data-end=\"1039\" \/>\n<h3 data-section-id=\"1y7ko6o\" data-start=\"1041\" data-end=\"1070\">Baza ligjore e p\u00ebrpunimit<\/h3>\n<p data-start=\"1072\" data-end=\"1277\">P\u00ebrpunimi i t\u00eb dh\u00ebnave b\u00ebhet n\u00eb p\u00ebrputhje me legjislacionin n\u00eb fuqi n\u00eb Republik\u00ebn e Shqip\u00ebris\u00eb p\u00ebr mbrojtjen e t\u00eb dh\u00ebnave personale dhe, kur \u00ebsht\u00eb e aplikueshme, me rregulloret e Bashkimit Evropian (GDPR).<\/p>\n<hr data-start=\"1279\" data-end=\"1282\" \/>\n<h3 data-section-id=\"d3kpzo\" data-start=\"1284\" data-end=\"1308\">Ruajtja e t\u00eb dh\u00ebnave<\/h3>\n<p data-start=\"1310\" data-end=\"1451\">T\u00eb dh\u00ebnat personale ruhen vet\u00ebm p\u00ebr aq koh\u00eb sa \u00ebsht\u00eb e nevojshme p\u00ebr q\u00ebllimet p\u00ebr t\u00eb cilat jan\u00eb mbledhur dhe m\u00eb pas fshihen ose anonimizohen.<\/p>\n<hr data-start=\"1453\" data-end=\"1456\" \/>\n<h3 data-section-id=\"av9xuy\" data-start=\"1458\" data-end=\"1478\">T\u00eb drejtat tuaja<\/h3>\n<p data-start=\"1480\" data-end=\"1498\">Ju keni t\u00eb drejt\u00eb:<\/p>\n<ul data-start=\"1500\" data-end=\"1640\">\n<li data-section-id=\"19jmmah\" data-start=\"1500\" data-end=\"1549\">\n<p data-start=\"1502\" data-end=\"1549\">T\u00eb k\u00ebrkoni akses n\u00eb t\u00eb dh\u00ebnat tuaja personale<\/p>\n<\/li>\n<li data-section-id=\"2vjyc\" data-start=\"1550\" data-end=\"1596\">\n<p data-start=\"1552\" data-end=\"1596\">T\u00eb k\u00ebrkoni korrigjimin ose fshirjen e tyre<\/p>\n<\/li>\n<li data-section-id=\"1s2tgt9\" data-start=\"1597\" data-end=\"1640\">\n<p data-start=\"1599\" data-end=\"1640\">T\u00eb kund\u00ebrshtoni p\u00ebrpunimin e t\u00eb dh\u00ebnave<\/p>\n<\/li>\n<\/ul>\n<p data-start=\"1642\" data-end=\"1704\">P\u00ebr \u00e7do k\u00ebrkes\u00eb, mund t\u00eb na kontaktoni n\u00eb adres\u00ebn e m\u00ebposhtme.<\/p>\n<hr data-start=\"1706\" data-end=\"1709\" \/>\n<h3 data-section-id=\"1o6qbw1\" data-start=\"1711\" data-end=\"1722\">Cookies<\/h3>\n<p data-start=\"1724\" data-end=\"1876\">Faqja jon\u00eb mund t\u00eb p\u00ebrdor\u00eb cookies p\u00ebr t\u00eb p\u00ebrmir\u00ebsuar p\u00ebrvoj\u00ebn e p\u00ebrdoruesit dhe p\u00ebr analiza trafiku. Duke p\u00ebrdorur faqen, ju pranoni p\u00ebrdorimin e tyre.<\/p>\n<hr data-start=\"1878\" data-end=\"1881\" \/>\n<h3 data-section-id=\"ifwoij\" data-start=\"1883\" data-end=\"1907\">Fotot dhe p\u00ebrmbajtja<\/h3>\n<p data-start=\"1909\" data-end=\"1993\">T\u00eb gjitha fotot, tekstet dhe materialet n\u00eb k\u00ebt\u00eb faqe jan\u00eb pron\u00eb e Tabi Construction.<\/p>\n<p data-start=\"1995\" data-end=\"2071\">Nuk lejohet p\u00ebrdorimi, kopjimi apo shp\u00ebrndarja pa leje t\u00eb shkruar paraprake.<\/p>\n<hr data-start=\"2073\" data-end=\"2076\" \/>\n<h3 data-section-id=\"1b2hf79\" data-start=\"2078\" data-end=\"2102\">Siguria e t\u00eb dh\u00ebnave<\/h3>\n<p data-start=\"2104\" data-end=\"2186\">T\u00eb dh\u00ebnat ruhen n\u00eb m\u00ebnyr\u00eb t\u00eb sigurt dhe aksesohen vet\u00ebm nga persona t\u00eb autorizuar.<\/p>\n<hr data-start=\"2188\" data-end=\"2191\" \/>\n<h3 data-section-id=\"1czw5rj\" data-start=\"2193\" data-end=\"2205\">Kontakti<\/h3>\n<p data-start=\"2207\" data-end=\"2294\">P\u00ebr \u00e7do pyetje mbi privat\u00ebsin\u00eb ose t\u00eb dh\u00ebnat tuaja personale, mund t\u00eb na kontaktoni n\u00eb: <a class=\"decorated-link cursor-pointer\" rel=\"noopener\" data-start=\"2299\" data-end=\"2323\">info@tabiconstruction.al<\/a><\/p>\t\t\t\t\t\t\t\t<\/div>\n\t\t\t\t<\/div>\n\t\t\t\t\t<\/div>\n\t\t<\/div>\n\t\t\t\t\t<\/div>\n\t\t<\/section>\n\t\t\t\t<\/div>","protected":false},"excerpt":{"rendered":"<p>Politika e Privat\u00ebsis\u00eb P\u00ebrdit\u00ebsimi i fundit: 18\/10\/2025 Te Tabi Construction, respektojm\u00eb privat\u00ebsin\u00eb tuaj dhe angazhohemi p\u00ebr t\u00eb mbrojtur \u00e7do informacion personal q\u00eb mund t\u00eb na jepni gjat\u00eb p\u00ebrdorimit t\u00eb faqes son\u00eb. T\u00eb dh\u00ebnat q\u00eb mbledhim Ne mund t\u00eb mbledhim t\u00eb dh\u00ebna automatike p\u00ebrmes p\u00ebrdorimit t\u00eb faqes, p\u00ebrfshir\u00eb: Adres\u00ebn IP t\u00eb vizitorit Informacione mbi pajisjen dhe [&hellip;]<\/p>","protected":false},"author":1,"featured_media":0,"parent":0,"menu_order":0,"comment_status":"closed","ping_status":"open","template":"","meta":{"_acf_changed":false,"inline_featured_image":false,"footnotes":""},"class_list":["post-3","page","type-page","status-publish","hentry"],"acf":[],"yoast_head":"<!-- This site is optimized with the Yoast SEO Premium plugin v24.0 (Yoast SEO v24.0) - https:\/\/yoast.com\/wordpress\/plugins\/seo\/ -->\n<title>Politika e Privat\u00ebsis\u00eb - Tabi Construction<\/title>\n<meta name=\"robots\" content=\"index, follow, max-snippet:-1, max-image-preview:large, max-video-preview:-1\" \/>\n<link rel=\"canonical\" href=\"https:\/\/tabiconstruction.al\/en\/privacy-policy\/\" \/>\n<meta property=\"og:locale\" content=\"en_GB\" \/>\n<meta property=\"og:type\" content=\"article\" \/>\n<meta property=\"og:title\" content=\"Politika e Privat\u00ebsis\u00eb\" \/>\n<meta property=\"og:description\" content=\"Politika e Privat\u00ebsis\u00eb P\u00ebrdit\u00ebsimi i fundit: 18\/10\/2025 Te Tabi Construction, respektojm\u00eb privat\u00ebsin\u00eb tuaj dhe angazhohemi p\u00ebr t\u00eb mbrojtur \u00e7do informacion personal q\u00eb mund t\u00eb na jepni gjat\u00eb p\u00ebrdorimit t\u00eb faqes son\u00eb. T\u00eb dh\u00ebnat q\u00eb mbledhim Ne mund t\u00eb mbledhim t\u00eb dh\u00ebna automatike p\u00ebrmes p\u00ebrdorimit t\u00eb faqes, p\u00ebrfshir\u00eb: Adres\u00ebn IP t\u00eb vizitorit Informacione mbi pajisjen dhe [&hellip;]\" \/>\n<meta property=\"og:url\" content=\"https:\/\/tabiconstruction.al\/en\/privacy-policy\/\" \/>\n<meta property=\"og:site_name\" content=\"Tabi Construction\" \/>\n<meta property=\"article:publisher\" content=\"https:\/\/www.facebook.com\/people\/Tabi-Construction\/61569465234101\/\" \/>\n<meta property=\"article:modified_time\" content=\"2026-03-18T15:37:48+00:00\" \/>\n<meta property=\"og:image\" content=\"https:\/\/tabiconstruction.al\/wp-content\/uploads\/2025\/04\/Tabi-construction-1200x-675.png\" \/>\n\t<meta property=\"og:image:width\" content=\"1200\" \/>\n\t<meta property=\"og:image:height\" content=\"675\" \/>\n\t<meta property=\"og:image:type\" content=\"image\/png\" \/>\n<meta name=\"twitter:card\" content=\"summary_large_image\" \/>\n<meta name=\"twitter:label1\" content=\"Estimated reading time\" \/>\n\t<meta name=\"twitter:data1\" content=\"2 minutes\" \/>\n<!-- \/ Yoast SEO Premium plugin. -->","yoast_head_json":{"title":"Politika e Privat\u00ebsis\u00eb - Tabi Construction","robots":{"index":"index","follow":"follow","max-snippet":"max-snippet:-1","max-image-preview":"max-image-preview:large","max-video-preview":"max-video-preview:-1"},"canonical":"https:\/\/tabiconstruction.al\/en\/privacy-policy\/","og_locale":"en_GB","og_type":"article","og_title":"Politika e Privat\u00ebsis\u00eb","og_description":"Politika e Privat\u00ebsis\u00eb P\u00ebrdit\u00ebsimi i fundit: 18\/10\/2025 Te Tabi Construction, respektojm\u00eb privat\u00ebsin\u00eb tuaj dhe angazhohemi p\u00ebr t\u00eb mbrojtur \u00e7do informacion personal q\u00eb mund t\u00eb na jepni gjat\u00eb p\u00ebrdorimit t\u00eb faqes son\u00eb. T\u00eb dh\u00ebnat q\u00eb mbledhim Ne mund t\u00eb mbledhim t\u00eb dh\u00ebna automatike p\u00ebrmes p\u00ebrdorimit t\u00eb faqes, p\u00ebrfshir\u00eb: Adres\u00ebn IP t\u00eb vizitorit Informacione mbi pajisjen dhe [&hellip;]","og_url":"https:\/\/tabiconstruction.al\/en\/privacy-policy\/","og_site_name":"Tabi Construction","article_publisher":"https:\/\/www.facebook.com\/people\/Tabi-Construction\/61569465234101\/","article_modified_time":"2026-03-18T15:37:48+00:00","og_image":[{"width":1200,"height":675,"url":"https:\/\/tabiconstruction.al\/wp-content\/uploads\/2025\/04\/Tabi-construction-1200x-675.png","type":"image\/png"}],"twitter_card":"summary_large_image","twitter_misc":{"Estimated reading time":"2 minutes"},"schema":{"@context":"https:\/\/schema.org","@graph":[{"@type":"WebPage","@id":"https:\/\/tabiconstruction.al\/privacy-policy\/","url":"https:\/\/tabiconstruction.al\/privacy-policy\/","name":"Politika e Privat\u00ebsis\u00eb - Tabi Construction","isPartOf":{"@id":"https:\/\/tabiconstruction.al\/#website"},"datePublished":"2025-04-16T08:53:25+00:00","dateModified":"2026-03-18T15:37:48+00:00","breadcrumb":{"@id":"https:\/\/tabiconstruction.al\/privacy-policy\/#breadcrumb"},"inLanguage":"en-GB","potentialAction":[{"@type":"ReadAction","target":["https:\/\/tabiconstruction.al\/privacy-policy\/"]}]},{"@type":"BreadcrumbList","@id":"https:\/\/tabiconstruction.al\/privacy-policy\/#breadcrumb","itemListElement":[{"@type":"ListItem","position":1,"name":"Home","item":"https:\/\/tabiconstruction.al\/"},{"@type":"ListItem","position":2,"name":"Politika e Privat\u00ebsis\u00eb"}]},{"@type":"WebSite","@id":"https:\/\/tabiconstruction.al\/#website","url":"https:\/\/tabiconstruction.al\/","name":"Tabi Construction","description":"P\u00ebrsosm\u00ebri nga themeli","publisher":{"@id":"https:\/\/tabiconstruction.al\/#organization"},"potentialAction":[{"@type":"SearchAction","target":{"@type":"EntryPoint","urlTemplate":"https:\/\/tabiconstruction.al\/?s={search_term_string}"},"query-input":{"@type":"PropertyValueSpecification","valueRequired":true,"valueName":"search_term_string"}}],"inLanguage":"en-GB"},{"@type":"Organization","@id":"https:\/\/tabiconstruction.al\/#organization","name":"Tabi Construction","url":"https:\/\/tabiconstruction.al\/","logo":{"@type":"ImageObject","inLanguage":"en-GB","@id":"https:\/\/tabiconstruction.al\/#\/schema\/logo\/image\/","url":"https:\/\/tabiconstruction.al\/wp-content\/uploads\/2025\/04\/512x512-logo-tabi-ok.svg","contentUrl":"https:\/\/tabiconstruction.al\/wp-content\/uploads\/2025\/04\/512x512-logo-tabi-ok.svg","width":512,"height":512,"caption":"Tabi Construction"},"image":{"@id":"https:\/\/tabiconstruction.al\/#\/schema\/logo\/image\/"},"sameAs":["https:\/\/www.facebook.com\/people\/Tabi-Construction\/61569465234101\/","https:\/\/www.instagram.com\/tabiconstruction\/"],"description":"Tabi Construction \u00ebsht\u00eb nj\u00eb kompani nd\u00ebrtimi q\u00eb ofron sh\u00ebrbime profesionale p\u00ebr projekte rezidenciale, komerciale, industriale dhe urbane n\u00eb Shqip\u00ebri. Me p\u00ebrkushtim ndaj cil\u00ebsis\u00eb dhe inovacionit, ne nd\u00ebrtojm\u00eb p\u00ebr t\u00eb ardhmen.","email":"info@tabiconstruction.al","telephone":"+355 69 70 71 888","legalName":"Tabi Construction"}]}},"_links":{"self":[{"href":"https:\/\/tabiconstruction.al\/en\/wp-json\/wp\/v2\/pages\/3","targetHints":{"allow":["GET"]}}],"collection":[{"href":"https:\/\/tabiconstruction.al\/en\/wp-json\/wp\/v2\/pages"}],"about":[{"href":"https:\/\/tabiconstruction.al\/en\/wp-json\/wp\/v2\/types\/page"}],"author":[{"embeddable":true,"href":"https:\/\/tabiconstruction.al\/en\/wp-json\/wp\/v2\/users\/1"}],"replies":[{"embeddable":true,"href":"https:\/\/tabiconstruction.al\/en\/wp-json\/wp\/v2\/comments?post=3"}],"version-history":[{"count":17,"href":"https:\/\/tabiconstruction.al\/en\/wp-json\/wp\/v2\/pages\/3\/revisions"}],"predecessor-version":[{"id":1312,"href":"https:\/\/tabiconstruction.al\/en\/wp-json\/wp\/v2\/pages\/3\/revisions\/1312"}],"wp:attachment":[{"href":"https:\/\/tabiconstruction.al\/en\/wp-json\/wp\/v2\/media?parent=3"}],"curies":[{"name":"wp","href":"https:\/\/api.w.org\/{rel}","templated":true}]}}